{"id":908,"date":"2020-03-28T10:04:04","date_gmt":"2020-03-28T10:04:04","guid":{"rendered":"http:\/\/www.familie-wohler.de\/wordpress\/?page_id=908"},"modified":"2020-04-10T12:54:16","modified_gmt":"2020-04-10T12:54:16","slug":"events","status":"publish","type":"page","link":"https:\/\/familie-wohler.de\/index.php\/events\/","title":{"rendered":"Events"},"content":{"rendered":"\t\t<div data-elementor-type=\"wp-page\" data-elementor-id=\"908\" class=\"elementor elementor-908\">\n\t\t\t\t\t\t<section class=\"elementor-section elementor-top-section elementor-element elementor-element-03d75af elementor-section-boxed elementor-section-height-default elementor-section-height-default\" data-id=\"03d75af\" data-element_type=\"section\">\n\t\t\t\t\t\t<div class=\"elementor-container elementor-column-gap-default\">\n\t\t\t\t\t<div class=\"elementor-column elementor-col-100 elementor-top-column elementor-element elementor-element-6219740\" data-id=\"6219740\" data-element_type=\"column\">\n\t\t\t<div class=\"elementor-widget-wrap elementor-element-populated\">\n\t\t\t\t\t\t<div class=\"elementor-element elementor-element-937265e elementor-widget elementor-widget-heading\" data-id=\"937265e\" data-element_type=\"widget\" data-widget_type=\"heading.default\">\n\t\t\t\t<div class=\"elementor-widget-container\">\n\t\t\t\t\t<h2 class=\"elementor-heading-title elementor-size-default\">Familien Feiern und weitere Events<\/h2>\t\t\t\t<\/div>\n\t\t\t\t<\/div>\n\t\t\t\t<div class=\"elementor-element elementor-element-550fceb elementor-widget elementor-widget-spacer\" data-id=\"550fceb\" data-element_type=\"widget\" data-widget_type=\"spacer.default\">\n\t\t\t\t<div class=\"elementor-widget-container\">\n\t\t\t\t\t\t\t<div class=\"elementor-spacer\">\n\t\t\t<div class=\"elementor-spacer-inner\"><\/div>\n\t\t<\/div>\n\t\t\t\t\t\t<\/div>\n\t\t\t\t<\/div>\n\t\t\t\t\t<\/div>\n\t\t<\/div>\n\t\t\t\t\t<\/div>\n\t\t<\/section>\n\t\t\t\t<section class=\"elementor-section elementor-top-section elementor-element elementor-element-4be0c08 elementor-section-boxed elementor-section-height-default elementor-section-height-default\" data-id=\"4be0c08\" data-element_type=\"section\">\n\t\t\t\t\t\t<div class=\"elementor-container elementor-column-gap-default\">\n\t\t\t\t\t<div class=\"elementor-column elementor-col-50 elementor-top-column elementor-element elementor-element-0964ed3\" data-id=\"0964ed3\" data-element_type=\"column\">\n\t\t\t<div class=\"elementor-widget-wrap elementor-element-populated\">\n\t\t\t\t\t\t<div class=\"elementor-element elementor-element-35716f2 elementor-widget elementor-widget-heading\" data-id=\"35716f2\" data-element_type=\"widget\" data-widget_type=\"heading.default\">\n\t\t\t\t<div class=\"elementor-widget-container\">\n\t\t\t\t\t<h2 class=\"elementor-heading-title elementor-size-default\">Sechs Jahrzehnte<\/h2>\t\t\t\t<\/div>\n\t\t\t\t<\/div>\n\t\t\t\t<div class=\"elementor-element elementor-element-41a0879 elementor-widget elementor-widget-text-editor\" data-id=\"41a0879\" data-element_type=\"widget\" data-widget_type=\"text-editor.default\">\n\t\t\t\t<div class=\"elementor-widget-container\">\n\t\t\t\t\t\t\t\t\t<p>Der beste Jahrgang aller Zeiten: 1960. Gefeiert wurde in Storkow, die letzte Gro\u00dfe Feier im Mitte M\u00e4rz 2020 vor der Corona Pandemie&#8230;\u00a0\u00a0<\/p>\t\t\t\t\t\t\t\t<\/div>\n\t\t\t\t<\/div>\n\t\t\t\t<div class=\"elementor-element elementor-element-5fd7cbb elementor-widget elementor-widget-image\" data-id=\"5fd7cbb\" data-element_type=\"widget\" data-widget_type=\"image.default\">\n\t\t\t\t<div class=\"elementor-widget-container\">\n\t\t\t\t\t\t\t\t\t\t\t\t\t\t\t<img fetchpriority=\"high\" decoding=\"async\" width=\"960\" height=\"640\" src=\"https:\/\/familie-wohler.de\/wp-content\/uploads\/2020\/04\/03140006-1024x683.jpg\" class=\"attachment-large size-large wp-image-939\" alt=\"\" srcset=\"https:\/\/familie-wohler.de\/wp-content\/uploads\/2020\/04\/03140006-1024x683.jpg 1024w, https:\/\/familie-wohler.de\/wp-content\/uploads\/2020\/04\/03140006-300x200.jpg 300w, https:\/\/familie-wohler.de\/wp-content\/uploads\/2020\/04\/03140006-768x512.jpg 768w, https:\/\/familie-wohler.de\/wp-content\/uploads\/2020\/04\/03140006-1536x1024.jpg 1536w, https:\/\/familie-wohler.de\/wp-content\/uploads\/2020\/04\/03140006-2048x1365.jpg 2048w\" sizes=\"(max-width: 960px) 100vw, 960px\" \/>\t\t\t\t\t\t\t\t\t\t\t\t\t\t\t<\/div>\n\t\t\t\t<\/div>\n\t\t\t\t<div class=\"elementor-element elementor-element-b30cbd2 elementor-widget elementor-widget-text-editor\" data-id=\"b30cbd2\" data-element_type=\"widget\" data-widget_type=\"text-editor.default\">\n\t\t\t\t<div class=\"elementor-widget-container\">\n\t\t\t\t\t\t\t\t\t<p>Hier geht&#8217;s zur Galerie: <a href=\"https:\/\/familie-wohler.de\/index.php\/2020\/03\/13\/bester-jahrgang-aller-zeiten-1960\/\">Bester Jahrgang aller Zeiten: <strong>1960<\/strong><\/a><\/p>\t\t\t\t\t\t\t\t<\/div>\n\t\t\t\t<\/div>\n\t\t\t\t\t<\/div>\n\t\t<\/div>\n\t\t\t\t<div class=\"elementor-column elementor-col-50 elementor-top-column elementor-element elementor-element-ae0743d\" data-id=\"ae0743d\" data-element_type=\"column\">\n\t\t\t<div class=\"elementor-widget-wrap elementor-element-populated\">\n\t\t\t\t\t\t<div class=\"elementor-element elementor-element-4a4965f elementor-widget elementor-widget-heading\" data-id=\"4a4965f\" data-element_type=\"widget\" data-widget_type=\"heading.default\">\n\t\t\t\t<div class=\"elementor-widget-container\">\n\t\t\t\t\t<h2 class=\"elementor-heading-title elementor-size-default\">Hochzeit G+M<\/h2>\t\t\t\t<\/div>\n\t\t\t\t<\/div>\n\t\t\t\t<div class=\"elementor-element elementor-element-91b80f8 elementor-widget elementor-widget-text-editor\" data-id=\"91b80f8\" data-element_type=\"widget\" data-widget_type=\"text-editor.default\">\n\t\t\t\t<div class=\"elementor-widget-container\">\n\t\t\t\t\t\t\t\t\t<p>Hochzeit an der Spree. Alles was wir uns gew\u00fcnscht hatten, ging in Erf\u00fcllung.\u00a0<br \/><br \/><\/p>\t\t\t\t\t\t\t\t<\/div>\n\t\t\t\t<\/div>\n\t\t\t\t<div class=\"elementor-element elementor-element-1e55030 elementor-widget elementor-widget-image\" data-id=\"1e55030\" data-element_type=\"widget\" data-widget_type=\"image.default\">\n\t\t\t\t<div class=\"elementor-widget-container\">\n\t\t\t\t\t\t\t\t\t\t\t\t\t\t\t<img decoding=\"async\" src=\"https:\/\/familie-wohler.de\/wp-content\/uploads\/elementor\/thumbs\/FelipeMinnicelliFotograf-352-onuxyifjhs0mjbk1c6vzm20aoq0d98zpho1awo08io.jpg\" title=\"Rings-352\" alt=\"Rings-352\" loading=\"lazy\" \/>\t\t\t\t\t\t\t\t\t\t\t\t\t\t\t<\/div>\n\t\t\t\t<\/div>\n\t\t\t\t<div class=\"elementor-element elementor-element-8af92a8 elementor-widget elementor-widget-text-editor\" data-id=\"8af92a8\" data-element_type=\"widget\" data-widget_type=\"text-editor.default\">\n\t\t\t\t<div class=\"elementor-widget-container\">\n\t\t\t\t\t\t\t\t\t<p><span style=\"font-size: 15px; font-style: normal; font-weight: 400;\">Eine witzige und herzliche Feier mit Familie und Freunden aus aller Welt. Wir sind so gl\u00fccklich, dass ihr, diesen f\u00fcr uns einmaligen Tag, im &#8222;Sp\u00e4tsommer&#8220; 2018 zusammen mit uns gefeiert habt. Die Bilder befinden sich auf der alten Hochzeits Website. Wenn ihr das Passwort nicht mehr auffinden k\u00f6nnt, dann kontaktiert uns einfach \ud83d\ude42<\/span><\/p><p><span style=\"font-size: 15px; font-style: normal; font-weight: 400;\">Hier geht&#8217;s zur Galerie:\u00a0<\/span><b><a href=\"http:\/\/familie-wohler.byethost18.com\/galerie\/\" target=\"_blank\" rel=\"noopener\">Hochzeits Website<\/a><span style=\"font-size: 15px; font-style: normal;\">\u00a0<\/span><\/b><span style=\"font-size: 15px; font-style: normal; font-weight: 400;\"> \u00a0\u00a0<\/span><\/p>\t\t\t\t\t\t\t\t<\/div>\n\t\t\t\t<\/div>\n\t\t\t\t\t<\/div>\n\t\t<\/div>\n\t\t\t\t\t<\/div>\n\t\t<\/section>\n\t\t\t\t<\/div>\n\t\t","protected":false},"excerpt":{"rendered":"<p>Familien Feiern und weitere Events Sechs Jahrzehnte Der beste Jahrgang aller Zeiten: 1960. Gefeiert wurde in Storkow, die letzte Gro\u00dfe Feier im Mitte M\u00e4rz 2020 vor der Corona Pandemie&#8230;\u00a0\u00a0 Hier geht&#8217;s zur Galerie: Bester Jahrgang aller Zeiten: 1960 Hochzeit G+M Hochzeit an der Spree. Alles was wir uns gew\u00fcnscht hatten, ging in Erf\u00fcllung.\u00a0 Eine witzige und herzliche Feier mit Familie und Freunden aus aller Welt. Wir sind so gl\u00fccklich, dass ihr, diesen f\u00fcr uns einmaligen Tag, im &#8222;Sp\u00e4tsommer&#8220; 2018 zusammen mit uns gefeiert habt. Die Bilder befinden sich auf der alten Hochzeits Website. Wenn ihr das Passwort nicht mehr auffinden k\u00f6nnt, dann kontaktiert uns einfach \ud83d\ude42 Hier geht&#8217;s zur Galerie:\u00a0Hochzeits Website\u00a0 \u00a0\u00a0<\/p>\n","protected":false},"author":1,"featured_media":0,"parent":0,"menu_order":0,"comment_status":"closed","ping_status":"closed","template":"","meta":{"footnotes":""},"class_list":["post-908","page","type-page","status-publish","hentry"],"_links":{"self":[{"href":"https:\/\/familie-wohler.de\/index.php\/wp-json\/wp\/v2\/pages\/908","targetHints":{"allow":["GET"]}}],"collection":[{"href":"https:\/\/familie-wohler.de\/index.php\/wp-json\/wp\/v2\/pages"}],"about":[{"href":"https:\/\/familie-wohler.de\/index.php\/wp-json\/wp\/v2\/types\/page"}],"author":[{"embeddable":true,"href":"https:\/\/familie-wohler.de\/index.php\/wp-json\/wp\/v2\/users\/1"}],"replies":[{"embeddable":true,"href":"https:\/\/familie-wohler.de\/index.php\/wp-json\/wp\/v2\/comments?post=908"}],"version-history":[{"count":9,"href":"https:\/\/familie-wohler.de\/index.php\/wp-json\/wp\/v2\/pages\/908\/revisions"}],"predecessor-version":[{"id":959,"href":"https:\/\/familie-wohler.de\/index.php\/wp-json\/wp\/v2\/pages\/908\/revisions\/959"}],"wp:attachment":[{"href":"https:\/\/familie-wohler.de\/index.php\/wp-json\/wp\/v2\/media?parent=908"}],"curies":[{"name":"wp","href":"https:\/\/api.w.org\/{rel}","templated":true}]}}